{"id":4,"date":"2012-12-25T15:14:46","date_gmt":"2012-12-25T13:14:46","guid":{"rendered":"http:\/\/www.kitarahuoltamo.fi\/?page_id=4"},"modified":"2019-08-05T08:50:23","modified_gmt":"2019-08-05T05:50:23","slug":"etusivu","status":"publish","type":"page","link":"https:\/\/kitarahuoltamo.fi\/","title":{"rendered":"Kitarahuolto Jari Lindqvist"},"content":{"rendered":"<h4><\/h4>\n<p style=\"text-align: left;\">Kitarahuoltoa Porissa. Kitaroiden, bassojen ja muiden kielisoittimien huollot\/korjaukset ammattitaidolla, asianmukaisia ty\u00f6kaluja ja ty\u00f6menetelmi\u00e4 k\u00e4ytt\u00e4en.<\/p>\n<p style=\"text-align: left;\"><strong>\u00a0<\/strong><\/p>\n<ul>\n<li><strong>otenauhojen uusinnat ja tasoitushionnat, my\u00f6s rosterinauhat<\/strong><\/li>\n<li><strong>otelaudan oikaisut<\/strong><\/li>\n<li><strong>satuloiden valmistus<\/strong><\/li>\n<li><strong>elektroniikan korjaukset, mikkien vaihdot ja \u00a0kytkenn\u00e4n muutokset, sek\u00e4 soittimien mikitykset<\/strong><\/li>\n<li><strong>halkeamien, kolojen ym. vaurioiden korjaukset<\/strong><\/li>\n<li><strong>uusien tehdasvalmisteisten soittimien trimmaus optimaaliseen soittokuntoon<\/strong><\/li>\n<li><strong>mikrofonit, tarvikkeet ja varaosat kielisoittimiin<\/strong><\/li>\n<\/ul>\n<p><img loading=\"lazy\" decoding=\"async\" class=\"size-medium wp-image-298 aligncenter\" src=\"http:\/\/www.kitarahuoltamo.fi\/wp-content\/uploads\/2013\/02\/kitara21-300x207.jpg\" alt=\"kitara2\" width=\"300\" height=\"207\" srcset=\"https:\/\/kitarahuoltamo.fi\/wp-content\/uploads\/2013\/02\/kitara21-300x207.jpg 300w, https:\/\/kitarahuoltamo.fi\/wp-content\/uploads\/2013\/02\/kitara21-700x485.jpg 700w, https:\/\/kitarahuoltamo.fi\/wp-content\/uploads\/2013\/02\/kitara21.jpg 1000w\" sizes=\"auto, (max-width: 300px) 100vw, 300px\" \/><\/p>\n","protected":false},"excerpt":{"rendered":"<p>Kitarahuoltoa Porissa. Kitaroiden, bassojen ja muiden kielisoittimien huollot\/korjaukset ammattitaidolla, asianmukaisia ty\u00f6kaluja ja ty\u00f6menetelmi\u00e4 k\u00e4ytt\u00e4en. \u00a0 otenauhojen uusinnat ja tasoitushionnat, my\u00f6s rosterinauhat otelaudan oikaisut satuloiden valmistus elektroniikan korjaukset, mikkien vaihdot ja \u00a0kytkenn\u00e4n muutokset, sek\u00e4 soittimien mikitykset halkeamien, kolojen ym. vaurioiden korjaukset uusien tehdasvalmisteisten soittimien trimmaus optimaaliseen soittokuntoon mikrofonit, tarvikkeet ja varaosat kielisoittimiin<\/p>\n","protected":false},"author":1,"featured_media":0,"parent":0,"menu_order":0,"comment_status":"closed","ping_status":"open","template":"template-no-sidebars.php","meta":{"footnotes":""},"class_list":["post-4","page","type-page","status-publish","czr-hentry"],"_links":{"self":[{"href":"https:\/\/kitarahuoltamo.fi\/index.php?rest_route=\/wp\/v2\/pages\/4","targetHints":{"allow":["GET"]}}],"collection":[{"href":"https:\/\/kitarahuoltamo.fi\/index.php?rest_route=\/wp\/v2\/pages"}],"about":[{"href":"https:\/\/kitarahuoltamo.fi\/index.php?rest_route=\/wp\/v2\/types\/page"}],"author":[{"embeddable":true,"href":"https:\/\/kitarahuoltamo.fi\/index.php?rest_route=\/wp\/v2\/users\/1"}],"replies":[{"embeddable":true,"href":"https:\/\/kitarahuoltamo.fi\/index.php?rest_route=%2Fwp%2Fv2%2Fcomments&post=4"}],"version-history":[{"count":76,"href":"https:\/\/kitarahuoltamo.fi\/index.php?rest_route=\/wp\/v2\/pages\/4\/revisions"}],"predecessor-version":[{"id":1084,"href":"https:\/\/kitarahuoltamo.fi\/index.php?rest_route=\/wp\/v2\/pages\/4\/revisions\/1084"}],"wp:attachment":[{"href":"https:\/\/kitarahuoltamo.fi\/index.php?rest_route=%2Fwp%2Fv2%2Fmedia&parent=4"}],"curies":[{"name":"wp","href":"https:\/\/api.w.org\/{rel}","templated":true}]}}